{"id":66,"date":"2025-08-26T23:10:32","date_gmt":"2025-08-26T23:10:32","guid":{"rendered":"https:\/\/grupoecoanarquista.noblogs.org\/?page_id=66"},"modified":"2025-09-21T21:25:01","modified_gmt":"2025-09-22T01:25:01","slug":"about-us","status":"publish","type":"page","link":"https:\/\/grupoecoanarquista.noblogs.org\/","title":{"rendered":"\u00bfQUI\u00c9NES SOMOS?"},"content":{"rendered":"<div class=\"wp-block-image\">\n<figure class=\"alignright size-full\"><img loading=\"lazy\" decoding=\"async\" width=\"452\" height=\"309\" src=\"https:\/\/grupoecoanarquista.noblogs.org\/files\/2025\/08\/Captura-6.png\" alt=\"\" class=\"wp-image-230\" srcset=\"https:\/\/grupoecoanarquista.noblogs.org\/files\/2025\/08\/Captura-6.png 452w, https:\/\/grupoecoanarquista.noblogs.org\/files\/2025\/08\/Captura-6-300x205.png 300w\" sizes=\"auto, (max-width: 452px) 100vw, 452px\" \/><\/figure>\n<\/div>\n\n\n<p>El\u00a0<strong>GRUPO ECOANARQUISTA (GEA)<\/strong>\u00a0es una agrupaci\u00f3n de propaganda y acci\u00f3n anarquista, cuya visi\u00f3n se articula alrededor de la libertad plena, el respeto absoluto por la naturaleza y la construcci\u00f3n de una sociedad basada en la autogesti\u00f3n, la libertad, la igualdad y la solidaridad.<\/p>\n\n\n\n<p>En el GEA rechazamos toda forma de poder coercitivo \u2014Estado, capitalismo, ej\u00e9rcitos, patriarcado, jerarqu\u00edas\u2014 por considerarlos opresivos y destructivos tanto para las personas como para el planeta. En su lugar, proponemos un modelo de organizaci\u00f3n social horizontal, descentralizado y federativo, donde las decisiones se toman colectivamente mediante asambleas y consensos, sin representantes permanentes ni estructuras de mando.<\/p>\n\n\n\n<p>Rechazamos toda forma de parlamentarismo o representaci\u00f3n pol\u00edtica. Nuestra meta es propagar una visi\u00f3n de sociedad comunista an\u00e1rquica, es decir, organizada en torno a las comunidades, que dialogue con la naturaleza en una ecolog\u00eda social.<\/p>\n\n\n\n<p>El GEA es una federaci\u00f3n de&nbsp;<strong>grupos de afinidad<\/strong>&nbsp;aut\u00f3nomos que rechazan la participaci\u00f3n en instituciones estatales o electorales, y enfatizan la coherencia entre el discurso y la pr\u00e1ctica cotidiana, a trav\u00e9s de: la movilizaci\u00f3n social, educaci\u00f3n libertaria, consumo responsable, el apoyo mutuo y la defensa de los ecosistemas.<\/p>\n\n\n\n<p>En definitiva, el GEA es un proyecto de vida colectivo que busca construir alternativas concretas frente a la explotaci\u00f3n humana y ambiental, bajo la convicci\u00f3n de que la liberaci\u00f3n social y la regeneraci\u00f3n ecol\u00f3gica son dos lados de un mismo camino.<\/p>\n\n\n\n<p><strong>Secretar\u00eda federal:<\/strong> <em><strong>gea@riseup.net<\/strong><\/em><\/p>\n","protected":false},"excerpt":{"rendered":"<p>El\u00a0GRUPO ECOANARQUISTA (GEA)\u00a0es una agrupaci\u00f3n de propaganda y acci\u00f3n anarquista, cuya visi\u00f3n se articula alrededor de la libertad plena, el respeto absoluto por la naturaleza y la construcci\u00f3n de una sociedad basada en la autogesti\u00f3n, la libertad, la igualdad y la solidaridad. En el GEA rechazamos toda forma de poder coercitivo \u2014Estado, capitalismo, ej\u00e9rcitos, patriarcado, [&hellip;]<\/p>\n","protected":false},"author":21187,"featured_media":0,"parent":0,"menu_order":0,"comment_status":"closed","ping_status":"closed","template":"","meta":{"footnotes":""},"class_list":["post-66","page","type-page","status-publish","hentry"],"_links":{"self":[{"href":"https:\/\/grupoecoanarquista.noblogs.org\/index.php?rest_route=\/wp\/v2\/pages\/66","targetHints":{"allow":["GET"]}}],"collection":[{"href":"https:\/\/grupoecoanarquista.noblogs.org\/index.php?rest_route=\/wp\/v2\/pages"}],"about":[{"href":"https:\/\/grupoecoanarquista.noblogs.org\/index.php?rest_route=\/wp\/v2\/types\/page"}],"author":[{"embeddable":true,"href":"https:\/\/grupoecoanarquista.noblogs.org\/index.php?rest_route=\/wp\/v2\/users\/21187"}],"replies":[{"embeddable":true,"href":"https:\/\/grupoecoanarquista.noblogs.org\/index.php?rest_route=%2Fwp%2Fv2%2Fcomments&post=66"}],"version-history":[{"count":34,"href":"https:\/\/grupoecoanarquista.noblogs.org\/index.php?rest_route=\/wp\/v2\/pages\/66\/revisions"}],"predecessor-version":[{"id":384,"href":"https:\/\/grupoecoanarquista.noblogs.org\/index.php?rest_route=\/wp\/v2\/pages\/66\/revisions\/384"}],"wp:attachment":[{"href":"https:\/\/grupoecoanarquista.noblogs.org\/index.php?rest_route=%2Fwp%2Fv2%2Fmedia&parent=66"}],"curies":[{"name":"wp","href":"https:\/\/api.w.org\/{rel}","templated":true}]}}