{"id":220,"date":"2025-08-30T22:08:45","date_gmt":"2025-08-31T02:08:45","guid":{"rendered":"https:\/\/grupoecoanarquista.noblogs.org\/?page_id=220"},"modified":"2025-09-20T08:34:18","modified_gmt":"2025-09-20T12:34:18","slug":"no-mas-zonas-de-sacrificio","status":"publish","type":"page","link":"https:\/\/grupoecoanarquista.noblogs.org\/?page_id=220","title":{"rendered":"NO M\u00c1S ZONAS DE SACRIFICIO"},"content":{"rendered":"\n<p>En el imaginario colectivo, Chile es un pa\u00eds de imponentes paisajes naturales. Sin embargo, oculta una herida profunda y t\u00f3xica: las llamadas \u00abZonas de Sacrificio\u00bb. Este t\u00e9rmino, tan crudo como descriptivo, se refiere a territorios donde se ha permitido la concentraci\u00f3n masiva de industrias altamente contaminantes, sacrificando el bienestar de sus comunidades y ecosistemas en nombre de un modelo de desarrollo econ\u00f3mico desequilibrado.<\/p>\n\n\n<div class=\"wp-block-image\">\n<figure class=\"alignright size-full\"><img loading=\"lazy\" decoding=\"async\" width=\"220\" height=\"345\" src=\"https:\/\/grupoecoanarquista.noblogs.org\/files\/2025\/08\/Captura-5.png\" alt=\"\" class=\"wp-image-221\" srcset=\"https:\/\/grupoecoanarquista.noblogs.org\/files\/2025\/08\/Captura-5.png 220w, https:\/\/grupoecoanarquista.noblogs.org\/files\/2025\/08\/Captura-5-191x300.png 191w\" sizes=\"auto, (max-width: 220px) 100vw, 220px\" \/><\/figure>\n<\/div>\n\n\n<p>Estas zonas, como Quintero-Puchuncav\u00ed, Coronel o Tocopilla, son el resultado de d\u00e9cadas de decisiones que priorizaron el crecimiento industrial sobre la protecci\u00f3n ambiental y la salud humana. En ellas, conviven gigantescas termoel\u00e9ctricas a carb\u00f3n, fundiciones de cobre, refiner\u00edas de petr\u00f3leo y complejos petroqu\u00edmicos. El costo de esta actividad desregulada ha sido catastr\u00f3fico. El aire, el agua y la tierra se han envenenado de forma pr\u00e1cticamente irreversible, carg\u00e1ndose con metales pesados, di\u00f3xido de azufre y otras emisiones t\u00f3xicas que superan constantemente toda norma internacional.<\/p>\n\n\n\n<p>Las consecuencias para los habitantes son devastadoras y se manifiestan como una crisis silenciosa y permanente. Las intoxicaciones masivas, especialmente en ni\u00f1os y ancianos, son recurrentes. Las enfermedades respiratorias cr\u00f3nicas, el c\u00e1ncer y las afecciones cut\u00e1neas tienen una prevalencia alarmantemente superior al resto del pa\u00eds. M\u00e1s all\u00e1 de la salud f\u00edsica, el da\u00f1o es social y psicol\u00f3gico: las comunidades viven en un estado de alerta constante, privadas del simple derecho a respirar aire limpio, ver el cielo despejado o disfrutar de su entorno sin miedo. Se trata de una profunda vulneraci\u00f3n de los derechos humanos fundamentales.<\/p>\n\n\n\n<p>Frente a este panorama, la soluci\u00f3n requiere un cambio de paradigma radical. No basta con peque\u00f1os ajustes; se necesita una transformaci\u00f3n estructural. Es imperativa una transici\u00f3n energ\u00e9tica justa que reemplace las fuentes contaminantes por energ\u00edas renovables, cerrando progresivamente las termoel\u00e9ctricas a carb\u00f3n, petr\u00f3leo y gas.<\/p>\n\n\n\n<p>Crucialmente, cualquier soluci\u00f3n debe ser dise\u00f1ada e implementada con la participaci\u00f3n activa de las comunidades afectadas, quienes han llevado la peor parte y son guardianes de su propio destino. La reparaci\u00f3n del da\u00f1o ambiental y la implementaci\u00f3n de sistemas de monitoreo independientes y transparentes son pasos esenciales para comenzar a sanar estas tierras.<\/p>\n\n\n\n<p>En esencia, superar la realidad de las Zonas de Sacrificio es el desaf\u00edo m\u00e1s claro de Chile para construir un futuro genuinamente sostenible, donde el progreso no signifique aniquilar el entorno y la salud de su gente, sino convivir en armon\u00eda con ellos.<\/p>\n\n\n\n<h2 class=\"wp-block-heading has-text-align-center\"><strong>\u00a1No m\u00e1s zonas de sacrificio!<\/strong><\/h2>\n\n\n\n<h2 class=\"wp-block-heading has-text-align-center\"><strong>GRUPO ECOANARQUISTA &#8211; GEA<\/strong><\/h2>\n","protected":false},"excerpt":{"rendered":"<p>En el imaginario colectivo, Chile es un pa\u00eds de imponentes paisajes naturales. Sin embargo, oculta una herida profunda y t\u00f3xica: las llamadas \u00abZonas de Sacrificio\u00bb. Este t\u00e9rmino, tan crudo como descriptivo, se refiere a territorios donde se ha permitido la concentraci\u00f3n masiva de industrias altamente contaminantes, sacrificando el bienestar de sus comunidades y ecosistemas en [&hellip;]<\/p>\n","protected":false},"author":21187,"featured_media":0,"parent":338,"menu_order":0,"comment_status":"closed","ping_status":"closed","template":"","meta":{"footnotes":""},"class_list":["post-220","page","type-page","status-publish","hentry"],"_links":{"self":[{"href":"https:\/\/grupoecoanarquista.noblogs.org\/index.php?rest_route=\/wp\/v2\/pages\/220","targetHints":{"allow":["GET"]}}],"collection":[{"href":"https:\/\/grupoecoanarquista.noblogs.org\/index.php?rest_route=\/wp\/v2\/pages"}],"about":[{"href":"https:\/\/grupoecoanarquista.noblogs.org\/index.php?rest_route=\/wp\/v2\/types\/page"}],"author":[{"embeddable":true,"href":"https:\/\/grupoecoanarquista.noblogs.org\/index.php?rest_route=\/wp\/v2\/users\/21187"}],"replies":[{"embeddable":true,"href":"https:\/\/grupoecoanarquista.noblogs.org\/index.php?rest_route=%2Fwp%2Fv2%2Fcomments&post=220"}],"version-history":[{"count":2,"href":"https:\/\/grupoecoanarquista.noblogs.org\/index.php?rest_route=\/wp\/v2\/pages\/220\/revisions"}],"predecessor-version":[{"id":224,"href":"https:\/\/grupoecoanarquista.noblogs.org\/index.php?rest_route=\/wp\/v2\/pages\/220\/revisions\/224"}],"up":[{"embeddable":true,"href":"https:\/\/grupoecoanarquista.noblogs.org\/index.php?rest_route=\/wp\/v2\/pages\/338"}],"wp:attachment":[{"href":"https:\/\/grupoecoanarquista.noblogs.org\/index.php?rest_route=%2Fwp%2Fv2%2Fmedia&parent=220"}],"curies":[{"name":"wp","href":"https:\/\/api.w.org\/{rel}","templated":true}]}}