{"id":117,"date":"2025-08-30T13:38:41","date_gmt":"2025-08-30T17:38:41","guid":{"rendered":"https:\/\/grupoecoanarquista.noblogs.org\/?page_id=117"},"modified":"2025-09-20T08:33:46","modified_gmt":"2025-09-20T12:33:46","slug":"antartida-libre-un-territorio-para-toda-la-humanidad","status":"publish","type":"page","link":"https:\/\/grupoecoanarquista.noblogs.org\/?page_id=117","title":{"rendered":"ANT\u00c1RTIDA LIBRE: UN TERRITORIO PARA TODA LA HUMANIDAD"},"content":{"rendered":"\n<p>La Ant\u00e1rtida es el \u00faltimo continente libre del que ning\u00fan Estado es due\u00f1o. Su condici\u00f3n excepcional fue reconocida en el Tratado Ant\u00e1rtico de 1959, que establece que el continente <em>\u00ab<\/em>se utilizar\u00e1 exclusivamente para fines pac\u00edficos\u00bb y proh\u00edbe \u00abtoda actividad militar\u00bb, restringiendo la presencia de los ej\u00e9rcitos solo para el apoyo a la investigaci\u00f3n cient\u00edfica. Este Tratado tambi\u00e9n congela los reclamos territoriales existentes y veta nuevos intentos de apropiaci\u00f3n.<\/p>\n\n\n<div class=\"wp-block-image\">\n<figure class=\"alignright size-full\"><img loading=\"lazy\" decoding=\"async\" width=\"307\" height=\"308\" src=\"https:\/\/grupoecoanarquista.noblogs.org\/files\/2025\/08\/ggggg.png\" alt=\"\" class=\"wp-image-204\" srcset=\"https:\/\/grupoecoanarquista.noblogs.org\/files\/2025\/08\/ggggg.png 307w, https:\/\/grupoecoanarquista.noblogs.org\/files\/2025\/08\/ggggg-300x300.png 300w, https:\/\/grupoecoanarquista.noblogs.org\/files\/2025\/08\/ggggg-150x150.png 150w\" sizes=\"auto, (max-width: 307px) 100vw, 307px\" \/><\/figure>\n<\/div>\n\n\n<p>Este marco legal internacional, sin embargo, no es una garant\u00eda definitiva porque se apoya en el compromiso voluntario de los Estados parte. La defensa de la Ant\u00e1rtida no puede limitarse a mantener el estatus jur\u00eddico actual. Debe ser una afirmaci\u00f3n radical: contra la soberan\u00eda, contra el militarismo, contra la apropiaci\u00f3n de los Estados y de las corporaciones trasnacionales. La Ant\u00e1rtida debe permanecer libre de Estados, de fronteras, de mercados y de ej\u00e9rcitos. No como una excepci\u00f3n, sino como un ejemplo de lo posible: un territorio que no pertenece a nadie porque nos pertenece a todos.<\/p>\n\n\n\n<h3 class=\"wp-block-heading has-text-align-left\"><strong>Militarizaci\u00f3n disfrazada.<\/strong><\/h3>\n\n\n\n<p>Aunque el Tratado proh\u00edbe bases o maniobras militares, permite el uso de tecnolog\u00eda y personal militar para fines \u00abp\u00fablicos\u00bb o \u00abcient\u00edficos\u00bb. Esta ambig\u00fcedad ha sido explotada para legitimar presencias militares encubiertas.<\/p>\n\n\n\n<p>As\u00ed, por ejemplo, los acuerdos de cooperaci\u00f3n militar que han firmado en 2024 el gobierno de Javier Milei con el Comando Sur de Estados Unidos (SOUTHCOM) profundiza la militarizaci\u00f3n del Atl\u00e1ntico Sur y forma parte de una estrategia geopol\u00edtica de proyecci\u00f3n sobre la Ant\u00e1rtida que prepara las condiciones para un control log\u00edstico de la regi\u00f3n polar y viola el esp\u00edritu del Tratado Ant\u00e1rtico. La instalaci\u00f3n de infraestructura militar estadounidense en Ushuaia (Tierra del Fuego) no es m\u00e1s que un caballo de Troya para afianzar la injerencia norteamericana en el Cono Sur, en detrimento de la cooperaci\u00f3n cient\u00edfica y la protecci\u00f3n ambiental que debieran primar en la zona.<\/p>\n\n\n\n<p>En abril de 2025, la Royal Navy y la Armada de Chile firmaron un convenio para \u201cpotenciar la industria naval\u201d, cuyo verdadero prop\u00f3sito es reforzar la dependencia militar chilena del Reino Unido y consolidar el respaldo de la Armada chilena al sostenimiento de la colonia brit\u00e1nica en las Islas Malvinas, base estrat\u00e9gica para la proyecci\u00f3n brit\u00e1nica hacia la Ant\u00e1rtida y sustento de su reclamo territorial en la regi\u00f3n.<\/p>\n\n\n\n<p>La creciente presencia militar de EE.UU., China, Rusia, Reino Unido y pa\u00edses de la Uni\u00f3n Europea en el continente ant\u00e1rtico, bajo el pretexto de la investigaci\u00f3n cient\u00edfica, constituye una nueva forma de competencia interestatal encubierta, que utiliza la ciencia como coartada para establecer enclaves estrat\u00e9gicos y avanzar en una silenciosa carrera por los recursos naturales y el control geopol\u00edtico de una regi\u00f3n.<\/p>\n\n\n\n<h3 class=\"wp-block-heading has-text-align-left\"><strong>Reclamaciones territoriales y codicia corporativa.<\/strong><\/h3>\n\n\n\n<p>Siete pa\u00edses mantienen reclamos territoriales sobre la Ant\u00e1rtida. Aunque congelados por el Tratado, estos reclamos no han sido retirados. Algunos se solapan (como los de Argentina, Chile y Reino Unido), mientras otros pa\u00edses como EE.UU. y Rusia se reservan el \u00abderecho\u00bb de hacerlos en el futuro. Esta l\u00f3gica posesiva resulta insostenible: no se puede reclamar propiedad sobre una tierra sin habitantes originarios ni vida humana permanente, y menos a nombre de Estados cuya historia se construye sobre la apropiaci\u00f3n, la guerra y la exclusi\u00f3n.<\/p>\n\n\n\n<p>Durante esta d\u00e9cada se han intensificado las actividades extractivas en la Ant\u00e1rtida, como la pesca industrial de kril, clave en la cadena alimentaria polar, y cada a\u00f1o se conoce de nuevas prospecciones \u201ccient\u00edficas\u201d que dan con nuevos dep\u00f3sitos de hidrocarburos o minerales. Este avance amenaza los ecosistemas y revela el fracaso del enfoque estatal y capitalista para gestionar un bien com\u00fan.<\/p>\n\n\n\n<h3 class=\"wp-block-heading has-text-align-left\"><strong>Hacia una Ant\u00e1rtida autogestionada y libre de Estados.<\/strong><\/h3>\n\n\n\n<p>Desde el Grupo EcoAnarquista &#8211; GEA, proponemos que, en lugar de ser administrada como un condominio de Estados, la Ant\u00e1rtida sea organizada desde abajo, a trav\u00e9s de una red global de cooperaci\u00f3n cient\u00edfica, ambiental y comunitaria.<\/p>\n\n\n\n<p>Para tales efectos proponemos la creaci\u00f3n de un Consejo Mundial de Ciencia Ant\u00e1rtica, con mandato revocable y funciones deliberativas. Este \u00f3rgano no representar\u00eda Estados, sino saberes y acuerdos: una forma de administraci\u00f3n sin soberan\u00eda, sin jerarqu\u00edas y sin armas.<\/p>\n\n\n\n<p>De este modo, las estaciones de investigaci\u00f3n ser\u00edan gestionadas por colectivos internacionales, universidades aut\u00f3nomas y comunidades cient\u00edficas, sin tutela gubernamental ni fines de lucro. As\u00ed, la ciencia ant\u00e1rtica, en vez de servir a intereses geopol\u00edticos, se orientar\u00eda al conocimiento compartido, abierto y transparente.<\/p>\n\n\n\n<p>Aunque el Tratado Ant\u00e1rtico es un acuerdo de duraci\u00f3n indefinida, el Protocolo al Tratado Ant\u00e1rtico sobre Protecci\u00f3n del Medio Ambiente (tambi\u00e9n conocido como Protocolo de Madrid, firmado en 1991 y activo desde 1998), s\u00ed incluye una cl\u00e1usula clave sobre su revisi\u00f3n futura despu\u00e9s de 50 a\u00f1os de su entrada en vigor, es decir, a partir de 2048. Ese a\u00f1o cualquier Parte Consultiva puede solicitar una conferencia para revisar el Protocolo y podr\u00edan modificarse las disposiciones actuales, incluyendo la prohibici\u00f3n absoluta de actividades mineras comerciales que rige actualmente. Por otra parte, nada impide tampoco que alg\u00fan Estado lo suficientemente poderoso decida desconocer el Tratado en cualquier momento.<\/p>\n\n\n\n<p>La presencia estatal en la Ant\u00e1rtida a significado una avanzada capitalista extractivista encubierta, disfrazada de ciencia o soberan\u00eda. El hielo y la vida que contiene no pueden ser convertidos en mercanc\u00eda ni propiedad. Los reclamos estatales sobre la Ant\u00e1rtida solo han servido para perpetuar la idea de fronteras, de soberan\u00eda, de exclusividad nacional, todas ellas ficciones que han alimentado guerras y el capitalismo extractivista a lo largo de la historia. Lo que est\u00e1 en juego no es s\u00f3lo un mapa, sino la posibilidad de imaginar un territorio sin due\u00f1os, sin ej\u00e9rcitos y sin banderas.<\/p>\n\n\n\n<h3 class=\"wp-block-heading\"><strong>Desde el Grupo EcoAnarquista &#8211; GEA, llamamos a iniciar una campa\u00f1a internacional por la creaci\u00f3n de un Consejo Mundial de Ciencia Ant\u00e1rtica que represente a la humanidad toda, libre de fronteras, Estados e intereses militares y comerciales.<\/strong><\/h3>\n\n\n\n<h2 class=\"wp-block-heading has-text-align-center\">GRUPO ECOANARQUISTA &#8211; GEA<\/h2>\n\n\n\n<p><\/p>\n","protected":false},"excerpt":{"rendered":"<p>La Ant\u00e1rtida es el \u00faltimo continente libre del que ning\u00fan Estado es due\u00f1o. Su condici\u00f3n excepcional fue reconocida en el Tratado Ant\u00e1rtico de 1959, que establece que el continente \u00abse utilizar\u00e1 exclusivamente para fines pac\u00edficos\u00bb y proh\u00edbe \u00abtoda actividad militar\u00bb, restringiendo la presencia de los ej\u00e9rcitos solo para el apoyo a la investigaci\u00f3n cient\u00edfica. Este [&hellip;]<\/p>\n","protected":false},"author":21187,"featured_media":0,"parent":338,"menu_order":0,"comment_status":"closed","ping_status":"closed","template":"","meta":{"footnotes":""},"class_list":["post-117","page","type-page","status-publish","hentry"],"_links":{"self":[{"href":"https:\/\/grupoecoanarquista.noblogs.org\/index.php?rest_route=\/wp\/v2\/pages\/117","targetHints":{"allow":["GET"]}}],"collection":[{"href":"https:\/\/grupoecoanarquista.noblogs.org\/index.php?rest_route=\/wp\/v2\/pages"}],"about":[{"href":"https:\/\/grupoecoanarquista.noblogs.org\/index.php?rest_route=\/wp\/v2\/types\/page"}],"author":[{"embeddable":true,"href":"https:\/\/grupoecoanarquista.noblogs.org\/index.php?rest_route=\/wp\/v2\/users\/21187"}],"replies":[{"embeddable":true,"href":"https:\/\/grupoecoanarquista.noblogs.org\/index.php?rest_route=%2Fwp%2Fv2%2Fcomments&post=117"}],"version-history":[{"count":5,"href":"https:\/\/grupoecoanarquista.noblogs.org\/index.php?rest_route=\/wp\/v2\/pages\/117\/revisions"}],"predecessor-version":[{"id":207,"href":"https:\/\/grupoecoanarquista.noblogs.org\/index.php?rest_route=\/wp\/v2\/pages\/117\/revisions\/207"}],"up":[{"embeddable":true,"href":"https:\/\/grupoecoanarquista.noblogs.org\/index.php?rest_route=\/wp\/v2\/pages\/338"}],"wp:attachment":[{"href":"https:\/\/grupoecoanarquista.noblogs.org\/index.php?rest_route=%2Fwp%2Fv2%2Fmedia&parent=117"}],"curies":[{"name":"wp","href":"https:\/\/api.w.org\/{rel}","templated":true}]}}