{"id":112,"date":"2025-08-30T13:32:23","date_gmt":"2025-08-30T17:32:23","guid":{"rendered":"https:\/\/grupoecoanarquista.noblogs.org\/?page_id=112"},"modified":"2025-09-20T08:33:59","modified_gmt":"2025-09-20T12:33:59","slug":"contra-la-guerra-contra-el-estado","status":"publish","type":"page","link":"https:\/\/grupoecoanarquista.noblogs.org\/?page_id=112","title":{"rendered":"CONTRA LA GUERRA, CONTRA EL ESTADO"},"content":{"rendered":"\n<p>El mundo asiste a una nueva escalada de la violencia institucionalizada. Mientras millones de trabajadores enfrentan el desempleo, bajos salarios, trabajos precarios y recortes en servicios esenciales, los gobiernos destinan cifras obscenas a la maquinaria de guerra.<\/p>\n\n\n\n<p>El gasto militar global ya supera ya los 2.4 billones de d\u00f3lares anuales en 2025, seis veces m\u00e1s que el presupuesto total destinado a combatir el hambre en el mundo.<\/p>\n\n\n<div class=\"wp-block-image\">\n<figure class=\"alignright size-full\"><img loading=\"lazy\" decoding=\"async\" width=\"299\" height=\"228\" src=\"https:\/\/grupoecoanarquista.noblogs.org\/files\/2025\/08\/CapturaBBBB-1.png\" alt=\"\" class=\"wp-image-211\" \/><\/figure>\n<\/div>\n\n\n<p>La industria b\u00e9lica sigue batiendo r\u00e9cords de beneficios. Las cinco mayores corporaciones armament\u00edsticas obtuvieron el a\u00f1o pasado ganancias por 200 mil millones de d\u00f3lares, equivalente al PIB combinado de varios pa\u00edses latinoamericanos. Mientras tanto, uno de cada diez ni\u00f1os en el mundo trabaja para subsistir y los sistemas p\u00fablicos de salud colapsan por falta de financiamiento.<\/p>\n\n\n\n<p>Este militarismo creciente no es un fen\u00f3meno aislado sino parte esencial del sistema capitalista actual. Los mismos Estados que recortan pensiones y el gasto en salud y educaci\u00f3n encuentran siempre billones para nuevas armas de destrucci\u00f3n. Esta locura armament\u00edstica ocurre mientras hay 56 conflictos activos que han desplazado a m\u00e1s de 100 millones de personas.<br><\/p>\n\n\n\n<p>Las guerras modernas ya no se libran solo en territorios lejanos: la militarizaci\u00f3n de la represi\u00f3n y la criminalizaci\u00f3n de la pobreza son hoy formas de guerra contra los propios pueblos.<\/p>\n\n\n\n<p>El Grupo EcoAnarquista \u2013 GEA, fiel a su tradici\u00f3n internacionalista y antimilitarista, hace un llamado a los trabajadores y las trabajadoras del mundo a:<br>\u2013 Rechazar la producci\u00f3n de material b\u00e9lico en f\u00e1bricas y talleres.<br>\u2013 Organizar la resistencia contra el reclutamiento militar.<br>\u2013 Rechazar el gasto militar y exigir que sea invertido en salud, educaci\u00f3n y vivienda.<br>\u2013 Fortalecer la solidaridad internacional contra los verdaderos enemigos: los Estados y el capital.<\/p>\n\n\n\n<p>Hoy, como ayer, la paz no vendr\u00e1 de los palacios de gobierno. Ser\u00e1 conquistada desde abajo, con la fuerza organizada de quienes sufren las consecuencias de esta barbarie.<\/p>\n\n\n\n<h3 class=\"wp-block-heading has-text-align-center\">\u00a1Ni un obrero m\u00e1s en los frentes de batalla!<\/h3>\n\n\n\n<h3 class=\"wp-block-heading has-text-align-center\">\u00a1Ni un d\u00f3lar m\u00e1s para la industria de la muerte!<\/h3>\n\n\n\n<h2 class=\"wp-block-heading has-text-align-center\">GRUPO ECOANARQUISTA &#8211; GEA<\/h2>\n","protected":false},"excerpt":{"rendered":"<p>El mundo asiste a una nueva escalada de la violencia institucionalizada. Mientras millones de trabajadores enfrentan el desempleo, bajos salarios, trabajos precarios y recortes en servicios esenciales, los gobiernos destinan cifras obscenas a la maquinaria de guerra. El gasto militar global ya supera ya los 2.4 billones de d\u00f3lares anuales en 2025, seis veces m\u00e1s [&hellip;]<\/p>\n","protected":false},"author":21187,"featured_media":0,"parent":338,"menu_order":0,"comment_status":"closed","ping_status":"closed","template":"","meta":{"footnotes":""},"class_list":["post-112","page","type-page","status-publish","hentry"],"_links":{"self":[{"href":"https:\/\/grupoecoanarquista.noblogs.org\/index.php?rest_route=\/wp\/v2\/pages\/112","targetHints":{"allow":["GET"]}}],"collection":[{"href":"https:\/\/grupoecoanarquista.noblogs.org\/index.php?rest_route=\/wp\/v2\/pages"}],"about":[{"href":"https:\/\/grupoecoanarquista.noblogs.org\/index.php?rest_route=\/wp\/v2\/types\/page"}],"author":[{"embeddable":true,"href":"https:\/\/grupoecoanarquista.noblogs.org\/index.php?rest_route=\/wp\/v2\/users\/21187"}],"replies":[{"embeddable":true,"href":"https:\/\/grupoecoanarquista.noblogs.org\/index.php?rest_route=%2Fwp%2Fv2%2Fcomments&post=112"}],"version-history":[{"count":4,"href":"https:\/\/grupoecoanarquista.noblogs.org\/index.php?rest_route=\/wp\/v2\/pages\/112\/revisions"}],"predecessor-version":[{"id":228,"href":"https:\/\/grupoecoanarquista.noblogs.org\/index.php?rest_route=\/wp\/v2\/pages\/112\/revisions\/228"}],"up":[{"embeddable":true,"href":"https:\/\/grupoecoanarquista.noblogs.org\/index.php?rest_route=\/wp\/v2\/pages\/338"}],"wp:attachment":[{"href":"https:\/\/grupoecoanarquista.noblogs.org\/index.php?rest_route=%2Fwp%2Fv2%2Fmedia&parent=112"}],"curies":[{"name":"wp","href":"https:\/\/api.w.org\/{rel}","templated":true}]}}